{"id":34,"date":"2024-06-15T23:07:35","date_gmt":"2024-06-15T21:07:35","guid":{"rendered":"https:\/\/gadea-aetheria.com\/?page_id=34"},"modified":"2026-04-26T18:23:19","modified_gmt":"2026-04-26T16:23:19","slug":"contactanos","status":"publish","type":"page","link":"https:\/\/gadea-aetheria.com\/en\/contactanos\/","title":{"rendered":"Contact"},"content":{"rendered":"\n<div class=\"wp-block-stackable-columns stk-block-columns stk-block stk-73badfc\" data-block-id=\"73badfc\"><style>.stk-73badfc {margin-bottom:10px !important;}<\/style><div class=\"stk-row stk-inner-blocks stk-block-content stk-content-align stk-73badfc-column\">\n<div class=\"wp-block-stackable-column stk-block-column stk-column stk-block stk-c984fa6\" data-v=\"4\" data-block-id=\"c984fa6\"><style>@media screen and (min-width:690px){.stk-c984fa6 {flex:var(--stk-flex-grow, 1) 1 calc(55.1% - var(--stk-column-gap, 0px) * 1 \/ 2 ) !important;}}<\/style><div class=\"stk-column-wrapper stk-block-column__content stk-container stk-c984fa6-container stk--no-background stk--no-padding\"><div class=\"stk-block-content stk-inner-blocks stk-c984fa6-inner-blocks\">\n<div class=\"wp-block-stackable-heading stk-block-heading stk-block-heading--v2 stk-block stk-ea363d5\" id=\"sobre-mi\" data-block-id=\"ea363d5\"><style>.stk-ea363d5 {margin-top:65px !important;margin-bottom:50px !important;}.stk-ea363d5 .stk-block-heading__text{font-size:45px !important;font-weight:bold !important;font-family:\"Playfair\", Sans-serif !important;letter-spacing:0.7px !important;}@media screen and (max-width:999px){.stk-ea363d5 .stk-block-heading__text{font-size:45px !important;}}<\/style><h1 class=\"stk-block-heading__text has-text-align-center\">SOBRE MI<\/h1><\/div>\n\n\n\n<div class=\"wp-block-group is-vertical is-content-justification-stretch is-layout-flex wp-container-core-group-is-layout-353c4f5a wp-block-group-is-layout-flex\">\n<div class=\"wp-block-stackable-text stk-block-text stk-block stk-9b15f3f\" data-block-id=\"9b15f3f\"><style>.stk-9b15f3f {margin-bottom:0px !important;}.stk-9b15f3f .stk-block-text__text{font-size:21px !important;font-family:\"Montserrat\", Sans-serif !important;}@media screen and (max-width:999px){.stk-9b15f3f .stk-block-text__text{font-size:21px !important;}}<\/style><p class=\"stk-block-text__text has-text-align-justify\">Soy Gadea, creadora de Aetheria.<\/p><\/div>\n\n\n\n<div class=\"wp-block-stackable-text stk-block-text stk-block stk-e1cb2eb\" data-block-id=\"e1cb2eb\"><style>.stk-e1cb2eb {margin-bottom:0px !important;}.stk-e1cb2eb .stk-block-text__text{font-size:21px !important;font-family:\"Montserrat\", Sans-serif !important;}@media screen and (max-width:999px){.stk-e1cb2eb .stk-block-text__text{font-size:21px !important;}}<\/style><p class=\"stk-block-text__text has-text-align-left\">Aetheria nace de una forma distinta de entender el cuidado de la piel: <strong>menos productos, m\u00e1s coherencia.<\/strong> Despu\u00e9s de vivir en Asia, aprend\u00ed que el autocuidado no es complicarse, sino respetar el cuerpo, los ritmos y la piel tal como es.<\/p><\/div>\n\n\n\n<div class=\"wp-block-stackable-text stk-block-text stk-block stk-6b2870e\" data-block-id=\"6b2870e\"><style>.stk-6b2870e .stk-block-text__text{font-size:21px !important;font-family:\"Montserrat\", Sans-serif !important;}@media screen and (max-width:999px){.stk-6b2870e .stk-block-text__text{font-size:21px !important;}}<\/style><p class=\"stk-block-text__text\">Por eso trabajo con una cosm\u00e9tica natural y minimalista, donde <strong>cada ingrediente tiene un prop\u00f3sito real.<\/strong> Sin f\u00f3rmulas saturadas, pensada para pieles sensibles y para quienes quieren cuidarse de verdad.<\/p><\/div>\n<\/div>\n<\/div><\/div><\/div>\n\n\n\n<div class=\"wp-block-stackable-column stk-block-column stk-column stk-block stk-1626264\" data-v=\"4\" data-block-id=\"1626264\"><style>.stk-1626264 {align-self:center !important;}@media screen and (min-width:690px){.stk-1626264 {flex:var(--stk-flex-grow, 1) 1 calc(44.9% - var(--stk-column-gap, 0px) * 1 \/ 2 ) !important;}}<\/style><div class=\"stk-column-wrapper stk-block-column__content stk-container stk-1626264-container stk--no-background stk--no-padding\"><div class=\"stk-block-content stk-inner-blocks stk-1626264-inner-blocks\">\n<div class=\"wp-block-stackable-image stk-block-image stk-block stk-9e0522f\" data-block-id=\"9e0522f\"><style>.stk-9e0522f {border-top-left-radius:6px !important;border-top-right-radius:6px !important;border-bottom-right-radius:6px !important;border-bottom-left-radius:6px !important;overflow:hidden !important;padding-top:0px !important;padding-right:0px !important;padding-bottom:0px !important;padding-left:0px !important;}.stk-9e0522f .stk-img-figcaption{font-size:0px !important;}.stk-9e0522f .stk-img-wrapper{aspect-ratio:1\/1 !important;width:100% !important;height:600px !important;}.stk-9e0522f .stk-img-wrapper img{border-radius:0px !important;object-position:73% 56.00000000000001% !important;}@media screen and (max-width:999px){.stk-9e0522f .stk-img-figcaption{font-size:0px !important;}}<\/style><figure><span class=\"stk-img-wrapper stk-image--shape-stretch\"><img loading=\"lazy\" decoding=\"async\" class=\"stk-img wp-image-2620\" src=\"https:\/\/gadea-aetheria.com\/wp-content\/uploads\/2025\/06\/Sobre_Mi-scaled.jpg\" width=\"1920\" height=\"2560\" srcset=\"https:\/\/gadea-aetheria.com\/wp-content\/uploads\/2025\/06\/Sobre_Mi-scaled.jpg 1920w, https:\/\/gadea-aetheria.com\/wp-content\/uploads\/2025\/06\/Sobre_Mi-scaled-600x800.jpg 600w, https:\/\/gadea-aetheria.com\/wp-content\/uploads\/2025\/06\/Sobre_Mi-scaled-500x667.jpg 500w, https:\/\/gadea-aetheria.com\/wp-content\/uploads\/2025\/06\/Sobre_Mi-225x300.jpg 225w, https:\/\/gadea-aetheria.com\/wp-content\/uploads\/2025\/06\/Sobre_Mi-768x1024.jpg 768w, https:\/\/gadea-aetheria.com\/wp-content\/uploads\/2025\/06\/Sobre_Mi-1152x1536.jpg 1152w, https:\/\/gadea-aetheria.com\/wp-content\/uploads\/2025\/06\/Sobre_Mi-1536x2048.jpg 1536w\" sizes=\"auto, (max-width: 1920px) 100vw, 1920px\" \/><\/span><\/figure><\/div>\n<\/div><\/div><\/div>\n<\/div><\/div>\n\n\n\n<div class=\"wp-block-stackable-columns stk-block-columns stk-block stk-bc59b80\" data-block-id=\"bc59b80\"><div class=\"stk-row stk-inner-blocks stk-block-content stk-content-align stk-bc59b80-column\">\n<div class=\"wp-block-stackable-column stk-block-column stk-column stk-block stk-e940234\" data-v=\"4\" data-block-id=\"e940234\"><div class=\"stk-column-wrapper stk-block-column__content stk-container stk-e940234-container stk--no-background stk--no-padding\"><div class=\"stk-block-content stk-inner-blocks stk-e940234-inner-blocks\">\n<div class=\"wp-block-stackable-heading stk-block-heading stk-block-heading--v2 stk-block stk-2487438\" id=\"tienes-alguna-sugerencia-o-duda\" data-block-id=\"2487438\"><style>.stk-2487438 {margin-bottom:15px !important;}.stk-2487438 .stk-block-heading__text{font-family:\"Playfair\", Sans-serif !important;}<\/style><h2 class=\"stk-block-heading__text\">\u00bfTienes alg\u00fana sugerencia o duda?<\/h2><\/div>\n\n\n\n<div class=\"wp-block-stackable-text stk-block-text stk-block stk-5da7bc0\" data-block-id=\"5da7bc0\"><style>.stk-5da7bc0 .stk-block-text__text{font-size:17px !important;font-family:\"Montserrat\", Sans-serif !important;}@media screen and (max-width:999px){.stk-5da7bc0 .stk-block-text__text{font-size:17px !important;}}<\/style><p class=\"stk-block-text__text\">Estamos encantados de atenderte. <br>Puedes contactarnos escribi\u00e9ndonos un <a href=\"mailto:info@gadea-aetheria.com\">eMail<\/a> o bien utilizando el siguiente formulario<\/p><\/div>\n<\/div><\/div><\/div>\n<\/div><\/div>\n\n\n<style id=\"wpforms-css-vars-898-block-d4c53ac6-050e-4349-9ccf-69f3cd03b5c3\">\n\t\t\t\t#wpforms-898.wpforms-block-d4c53ac6-050e-4349-9ccf-69f3cd03b5c3 {\n\t\t\t\t--wpforms-label-color: var(--theme-palette-color-3, #7d6651);\n--wpforms-label-sublabel-color: var(--theme-palette-color-2, #a3bc87);\n--wpforms-label-error-color: var(--theme-palette-color-5, #bab9b3);\n--wpforms-field-background-color: var(--theme-palette-color-4, #f8faf6);\n--wpforms-field-border-color: var(--theme-palette-color-5, #bab9b3);\n--wpforms-field-border-color-spare: var(--theme-palette-color-5, #bab9b3);\n--wpforms-field-text-color: var(--theme-palette-color-3, #7d6651);\n--wpforms-field-menu-color: var(--theme-palette-color-4, #f8faf6);\n--wpforms-button-background-color: var(--theme-palette-color-1, #6b784f);\n--wpforms-button-text-color: var(--theme-palette-color-4, #f8faf6);\n--wpforms-field-size-input-height: 43px;\n--wpforms-field-size-input-spacing: 15px;\n--wpforms-field-size-font-size: 16px;\n--wpforms-field-size-line-height: 19px;\n--wpforms-field-size-padding-h: 14px;\n--wpforms-field-size-checkbox-size: 16px;\n--wpforms-field-size-sublabel-spacing: 5px;\n--wpforms-field-size-icon-size: 1;\n--wpforms-label-size-font-size: 18px;\n--wpforms-label-size-line-height: 21px;\n--wpforms-label-size-sublabel-font-size: 16px;\n--wpforms-label-size-sublabel-line-height: 19px;\n--wpforms-button-size-font-size: 17px;\n--wpforms-button-size-height: 41px;\n--wpforms-button-size-padding-h: 15px;\n--wpforms-button-size-margin-top: 10px;\n\t\t\t}\n\t\t\t<\/style><div class=\"wpforms-container wpforms-container-full wpforms-block wpforms-block-d4c53ac6-050e-4349-9ccf-69f3cd03b5c3 wpforms-render-modern\" id=\"wpforms-898\"><form id=\"wpforms-form-898\" class=\"wpforms-validate wpforms-form wpforms-ajax-form\" data-formid=\"898\" method=\"post\" enctype=\"multipart\/form-data\" action=\"\/en\/wp-json\/wp\/v2\/pages\/34\" data-token=\"500311f42961918615a35cd6f0eaf59f\" data-token-time=\"1778077235\"><noscript class=\"wpforms-error-noscript\">Please enable JavaScript in your browser to complete this form.<\/noscript><div id=\"wpforms-error-noscript\" style=\"display: none;\">Please enable JavaScript in your browser to complete this form.<\/div><div class=\"wpforms-field-container\"><div id=\"wpforms-898-field_0-container\" class=\"wpforms-field wpforms-field-name\" data-field-id=\"0\"><label class=\"wpforms-field-label\" for=\"wpforms-898-field_0\">Nombre<\/label><input type=\"text\" id=\"wpforms-898-field_0\" class=\"wpforms-field-medium\" name=\"wpforms[fields][0]\" aria-errormessage=\"wpforms-898-field_0-error\" ><\/div><div id=\"wpforms-898-field_8-container\" class=\"wpforms-field wpforms-field-email\" data-field-id=\"8\"><label class=\"wpforms-field-label\" for=\"wpforms-898-field_8\">Correo electr\u00f3nico <span class=\"wpforms-required-label\" aria-hidden=\"true\">*<\/span><\/label><input type=\"email\" id=\"wpforms-898-field_8\" class=\"wpforms-field-medium wpforms-field-required\" name=\"wpforms[fields][8]\" spellcheck=\"false\" aria-errormessage=\"wpforms-898-field_8-error\" required><\/div><div id=\"wpforms-898-field_2-container\" class=\"wpforms-field wpforms-field-textarea\" data-field-id=\"2\"><label class=\"wpforms-field-label\" for=\"wpforms-898-field_2\">Comentario o mensaje <span class=\"wpforms-required-label\" aria-hidden=\"true\">*<\/span><\/label><textarea id=\"wpforms-898-field_2\" class=\"wpforms-field-medium wpforms-field-required\" name=\"wpforms[fields][2]\" aria-errormessage=\"wpforms-898-field_2-error\" required><\/textarea><\/div><div id=\"wpforms-898-field_10-container\" class=\"wpforms-field wpforms-field-checkbox\" data-field-id=\"10\"><fieldset><legend class=\"wpforms-field-label wpforms-label-hide\" aria-hidden=\"false\">Casillas de verificaci\u00f3n <span class=\"wpforms-required-label\" aria-hidden=\"true\">*<\/span><\/legend><ul id=\"wpforms-898-field_10\" class=\"wpforms-field-required\"><li class=\"choice-1 depth-1\"><input type=\"checkbox\" id=\"wpforms-898-field_10_1\" name=\"wpforms[fields][10][]\" value=\"He le\u00eddo y acepto la &lt;a href=&quot;https:\/\/gadea-aetheria.com\/politica-de-privacidad\/&quot; target=&quot;_blank&quot;&gt;Pol\u00edtica de Privacidad&lt;\/a&gt;\" aria-errormessage=\"wpforms-898-field_10_1-error\" required ><label class=\"wpforms-field-label-inline\" for=\"wpforms-898-field_10_1\">He le\u00eddo y acepto la <a href=\"https:\/\/gadea-aetheria.com\/politica-de-privacidad\/\" target=\"_blank\">Pol\u00edtica de Privacidad<\/a><\/label><\/li><\/ul><\/fieldset><\/div><\/div><!-- .wpforms-field-container --><div class=\"wpforms-recaptcha-container wpforms-is-recaptcha wpforms-is-recaptcha-type-v2\" ><div class=\"g-recaptcha\" data-sitekey=\"6Lc4zKQqAAAAAGINWvHl9CbGfNCQ85EqHmfz4pPb\"><\/div><input type=\"text\" name=\"g-recaptcha-hidden\" class=\"wpforms-recaptcha-hidden\" style=\"position:absolute!important;clip:rect(0,0,0,0)!important;height:1px!important;width:1px!important;border:0!important;overflow:hidden!important;padding:0!important;margin:0!important;\" data-rule-recaptcha=\"1\"><\/div><div class=\"wpforms-submit-container\" ><input type=\"hidden\" name=\"wpforms[id]\" value=\"898\"><input type=\"hidden\" name=\"page_title\" value=\"\"><input type=\"hidden\" name=\"page_url\" value=\"https:\/\/gadea-aetheria.com\/en\/wp-json\/wp\/v2\/pages\/34\"><input type=\"hidden\" name=\"url_referer\" value=\"\"><button type=\"submit\" name=\"wpforms[submit]\" id=\"wpforms-submit-898\" class=\"wpforms-submit\" data-alt-text=\"Enviando...\" data-submit-text=\"Enviar\" aria-live=\"assertive\" value=\"wpforms-submit\">Enviar<\/button><img loading=\"lazy\" decoding=\"async\" src=\"https:\/\/gadea-aetheria.com\/wp-content\/plugins\/wpforms-lite\/assets\/images\/submit-spin.svg\" class=\"wpforms-submit-spinner\" style=\"display: none;\" width=\"26\" height=\"26\" alt=\"Loading\"><\/div><\/form><\/div>  <!-- .wpforms-container -->","protected":false},"excerpt":{"rendered":"<p>SOBRE MI Soy Gadea, creadora de Aetheria. Aetheria nace de una forma distinta de entender el cuidado de la piel: menos productos, m\u00e1s coherencia. Despu\u00e9s de vivir en Asia, aprend\u00ed que el autocuidado no es complicarse, sino respetar el cuerpo, los ritmos y la piel tal como es. Por eso trabajo con una cosm\u00e9tica natural [&hellip;]<\/p>\n","protected":false},"author":1,"featured_media":0,"parent":0,"menu_order":0,"comment_status":"closed","ping_status":"closed","template":"","meta":{"_acf_changed":false,"footnotes":""},"class_list":["post-34","page","type-page","status-publish","hentry"],"blocksy_meta":[],"acf":[],"jetpack_sharing_enabled":true,"_links":{"self":[{"href":"https:\/\/gadea-aetheria.com\/en\/wp-json\/wp\/v2\/pages\/34","targetHints":{"allow":["GET"]}}],"collection":[{"href":"https:\/\/gadea-aetheria.com\/en\/wp-json\/wp\/v2\/pages"}],"about":[{"href":"https:\/\/gadea-aetheria.com\/en\/wp-json\/wp\/v2\/types\/page"}],"author":[{"embeddable":true,"href":"https:\/\/gadea-aetheria.com\/en\/wp-json\/wp\/v2\/users\/1"}],"replies":[{"embeddable":true,"href":"https:\/\/gadea-aetheria.com\/en\/wp-json\/wp\/v2\/comments?post=34"}],"version-history":[{"count":31,"href":"https:\/\/gadea-aetheria.com\/en\/wp-json\/wp\/v2\/pages\/34\/revisions"}],"predecessor-version":[{"id":4031,"href":"https:\/\/gadea-aetheria.com\/en\/wp-json\/wp\/v2\/pages\/34\/revisions\/4031"}],"wp:attachment":[{"href":"https:\/\/gadea-aetheria.com\/en\/wp-json\/wp\/v2\/media?parent=34"}],"curies":[{"name":"wp","href":"https:\/\/api.w.org\/{rel}","templated":true}]}}